{"id":111033,"date":"2023-10-19T19:12:47","date_gmt":"2023-10-19T17:12:47","guid":{"rendered":"https:\/\/atiyachts.com\/rechtliche-hinweise\/"},"modified":"2023-10-19T19:13:00","modified_gmt":"2023-10-19T17:13:00","slug":"rechtliche-hinweise","status":"publish","type":"page","link":"https:\/\/atiyachts.com\/de\/rechtliche-hinweise\/","title":{"rendered":"Rechtliche Hinweise"},"content":{"rendered":"<p>[et_pb_section fb_built=&#8221;1&#8243; _builder_version=&#8221;4.14.5&#8243; background_color=&#8221;#383838&#8243; background_image=&#8221;http:\/\/atiyachts.com\/wp-content\/uploads\/2022\/02\/banner-ati.png&#8221; custom_padding=&#8221;100px||100px||true|false&#8221; saved_tabs=&#8221;all&#8221; global_colors_info=&#8221;{}&#8221;][et_pb_row _builder_version=&#8221;3.25&#8243; global_colors_info=&#8221;{}&#8221;][et_pb_column type=&#8221;4_4&#8243; _builder_version=&#8221;3.25&#8243; custom_padding=&#8221;|||&#8221; global_colors_info=&#8221;{}&#8221; custom_padding__hover=&#8221;|||&#8221;][et_pb_post_title meta=&#8221;off&#8221; featured_image=&#8221;off&#8221; _builder_version=&#8221;3.22.4&#8243; title_font=&#8221;Poppins|700||on|||||&#8221; title_text_align=&#8221;left&#8221; title_text_color=&#8221;#ffffff&#8221; title_font_size=&#8221;30px&#8221; title_font_size_tablet=&#8221;&#8221; title_font_size_phone=&#8221;20px&#8221; title_font_size_last_edited=&#8221;on|desktop&#8221; global_colors_info=&#8221;{}&#8221;][\/et_pb_post_title][\/et_pb_column][\/et_pb_row][\/et_pb_section][et_pb_section fb_built=&#8221;1&#8243; _builder_version=&#8221;4.14.8&#8243; background_color_gradient_start=&#8221;#ffffff&#8221; background_color_gradient_end=&#8221;#6c006f&#8221; background_color_gradient_direction=&#8221;90deg&#8221; custom_padding=&#8221;80px|0px|80px|0px|true|false&#8221; hover_enabled=&#8221;0&#8243; global_colors_info=&#8221;{}&#8221; sticky_enabled=&#8221;0&#8243;][et_pb_row padding_top_bottom_link_2=&#8221;true&#8221; padding_left_right_link_2=&#8221;true&#8221; _builder_version=&#8221;4.14.5&#8243; global_colors_info=&#8221;{}&#8221;][et_pb_column type=&#8221;4_4&#8243; _builder_version=&#8221;4.14.5&#8243; background_enable_color=&#8221;off&#8221; custom_padding=&#8221;|30px|||false|false&#8221; custom_padding_tablet=&#8221;50px|50px|50px|50px|true|true&#8221; custom_padding_phone=&#8221;50px|30px|50px|30px|true|true&#8221; custom_padding_last_edited=&#8221;on|tablet&#8221; global_colors_info=&#8221;{}&#8221; custom_padding__hover=&#8221;|||&#8221;][et_pb_text _builder_version=&#8221;4.14.8&#8243; text_font=&#8221;Roboto|300|||||||&#8221; text_font_size=&#8221;15px&#8221; header_font=&#8221;Roboto Condensed|300|||||||&#8221; header_text_align=&#8221;justify&#8221; header_text_color=&#8221;#000000&#8243; header_font_size=&#8221;16px&#8221; header_line_height=&#8221;1.8em&#8221; text_orientation=&#8221;justified&#8221; custom_margin=&#8221;-22px||&#8221; hover_enabled=&#8221;0&#8243; locked=&#8221;off&#8221; global_colors_info=&#8221;{}&#8221; sticky_enabled=&#8221;0&#8243;]<\/p>\n<p>Bitte lesen Sie die verschiedenen Nutzungsbedingungen dieser Website aufmerksam durch, bevor Sie sich auf den Seiten umsehen. Durch den Besuch dieser Website erkl\u00e4ren Sie sich vorbehaltlos mit diesen Bedingungen einverstanden. Gem\u00e4\u00df Artikel 6 des Gesetzes Nr. 2004-575 vom 21. Juni 2004 \u00fcber das Vertrauen in die digitale Wirtschaft sind die Verantwortlichen f\u00fcr diese Website <a href=\"http:\/\/https:\/\/www.atiyachts.com\/\">https:\/\/www.atiyachts.com\/<\/a>:<\/p>\n<p style=\"color: #b51a00;\"><span style=\"color: #000000;\"><b>Herausgeber der Website :  <\/b><\/span><\/p>\n<p>A.T.I<br \/>SIRET-Nummer: 49868830800036<br \/>Redaktioneller Verantwortlicher: A.T.I<br \/>92 BD DU PR\u00c9SIDENT WILSON 06160 ANTIBES<br \/>Telefon:+33 6 69 98 20 76  <br \/>E-Mail: contact@atiyachts.com<br \/>Website: https: <a href=\"http:\/\/https:\/\/www.atiyachts.com\/\">\/\/www.atiyachts.com\/<\/a><\/p>\n<p style=\"color: #b51a00;\"><b><span style=\"color: #000000;\">Unterbringung :<\/span> <\/b><\/p>\n<p>Webhoster: Infomaniak<br \/>Network SA, 25, rue Eug\u00e8ne-Marziano, 1227 Genf, Schweiz.<br \/>Website: https: <a href=\"http:\/\/https:\/\/www.infomaniak.com\/\">\/\/www.infomaniak.com\/<\/a><\/p>\n<p style=\"color: #b51a00;\"><span style=\"color: #000000;\"><b>Entwicklung<\/b><b> : <\/b> <\/span><\/p>\n<p>Weable<br \/>Adresse: 43 Chemin de l&#8217;Olivet<br \/>Website: https: <a href=\"http:\/\/https:\/\/weable.fr\/\">\/\/weable.fr\/<\/a><\/p>\n<p style=\"color: #b51a00;\"><span style=\"color: #000000;\"><b>Nutzungsbedingungen :  <\/b><\/span><\/p>\n<p>Diese Website<a href=\"http:\/\/https:\/\/www.atiyachts.com\/\">(https:\/\/www.atiyachts.com\/)<\/a> wird in verschiedenen Websprachen (HTML, HTML5, Javascript, CSS usw.) angeboten. F\u00fcr einen besseren Benutzerkomfort und eine ansprechendere Grafik empfehlen wir Ihnen, moderne Browser wie Internet Explorer, Safari, Firefox, Google Chrome usw. zu verwenden.<br \/>Das Impressum wurde auf der Website <a title=\"kostenloser Impressumsgenerator f\u00fcr Webseiten\" href=\"http:\/\/www.generateur-de-mentions-legales.com\">Impressum-Generator<\/a> erstellt, die von <a title=\"druckerei paris, druckerei paris\" href=\"http:\/\/welye.com\">Welye<\/a> angeboten wird.<\/p>\n<p><span style=\"color: #323333;\">Weable<b> <\/b><\/span>setzt alle ihr zur Verf\u00fcgung stehenden Mittel ein, um zuverl\u00e4ssige Informationen und eine zuverl\u00e4ssige Aktualisierung ihrer Websites zu gew\u00e4hrleisten. Es kann jedoch zu Fehlern oder Auslassungen kommen. Der Internetnutzer muss sich daher bei , \u00fcber die Richtigkeit der Informationen vergewissern und alle \u00c4nderungen an der Website melden, die er f\u00fcr n\u00fctzlich h\u00e4lt. ist in keiner Weise verantwortlich f\u00fcr die Nutzung dieser Informationen und f\u00fcr alle direkten oder indirekten Sch\u00e4den, die daraus entstehen k\u00f6nnen.<\/p>\n<p><b>Cookies<\/b>: Die Website <a href=\"http:\/\/https:\/\/www.atiyachts.com\/\">https:\/\/www.atiyachts.com\/<\/a> kann Sie m\u00f6glicherweise auffordern, die Annahme von Cookies f\u00fcr statistische Zwecke und zur Anzeige zu akzeptieren. Ein Cookie ist eine Information, die vom Server der Website, die Sie besuchen, auf Ihrer Festplatte abgelegt wird. Er enth\u00e4lt verschiedene Daten, die auf Ihrem Computer in einer einfachen Textdatei gespeichert werden, auf die ein Server zugreift, um Informationen zu lesen und zu speichern. Einige Teile dieser Website k\u00f6nnen ohne die Annahme von Cookies nicht funktionsf\u00e4hig sein.<\/p>\n<p><b>Hyperlinks:<\/b> Die Webseiten k\u00f6nnen Links zu anderen Webseiten oder anderen im Internet verf\u00fcgbaren Ressourcen anbieten. Weable verf\u00fcgt \u00fcber keine Mittel, um die mit ihren Websites verbundenen Websites zu kontrollieren, haftet nicht f\u00fcr die Verf\u00fcgbarkeit solcher Websites und externer Quellen und garantiert diese auch nicht. Sie kann nicht f\u00fcr Sch\u00e4den jeglicher Art haftbar gemacht werden, die sich aus dem Inhalt dieser Websites oder externen Quellen ergeben, insbesondere nicht f\u00fcr Informationen, Produkte oder Dienstleistungen, die dort angeboten werden, oder f\u00fcr jegliche Nutzung, die aus diesen Elementen resultiert. Die Risiken, die mit dieser Nutzung verbunden sind, liegen voll und ganz beim Internetnutzer, der sich an deren Nutzungsbedingungen halten muss.<\/p>\n<p>Nutzer, Abonnenten und Besucher der Websites von d\u00fcrfen ohne die ausdr\u00fcckliche und vorherige Genehmigung von Weable keinen Hyperlink zu dieser Website einrichten.<\/p>\n<p>Falls ein Nutzer oder Besucher einen Hyperlink zu einer der Websites von Weable einrichten m\u00f6chte, muss er eine auf der Website zug\u00e4ngliche E-Mail senden, um seinen Antrag auf Einrichtung eines Hyperlinks zu formulieren. Weable beh\u00e4lt sich das Recht vor, einen Hyperlink zu akzeptieren oder abzulehnen, ohne seine Entscheidung begr\u00fcnden zu m\u00fcssen.<\/p>\n<p style=\"color: #b51a00;\"><span style=\"color: #000000;\"><b>Erbrachte Dienstleistungen :  <\/b><\/span><\/p>\n<p style=\"color: #323333;\">Alle Aktivit\u00e4ten des Unternehmens und seine Informationen werden auf unserer Website <a href=\"http:\/\/https:\/\/www.atiyachts.com\/\">https:\/\/www.atiyachts.com\/<\/a> dargestellt.<\/p>\n<p style=\"color: #323333;\">Weable bem\u00fcht sich, auf der Website https:\/\/www.atiyachts.com\/ m\u00f6glichst genaue Informationen zur Verf\u00fcgung zu stellen. Die Informationen auf der Website <a href=\"http:\/\/https:\/\/www.atiyachts.com\/\">https:\/\/www.atiyachts.com\/<\/a> sind nicht ersch\u00f6pfend und die Fotos nicht vertraglich bindend. Sie sind vorbehaltlich aller \u00c4nderungen, die seit ihrer Ver\u00f6ffentlichung vorgenommen wurden. Dar\u00fcber hinaus sind alle Informationen, die auf der Website https:\/\/www.atiyachts.com\/ angegeben sind.<span style=\"color: #000000;\"><b> <\/b><\/span>sind unverbindlich und k\u00f6nnen sich ohne Vorank\u00fcndigung \u00e4ndern oder weiterentwickeln.<\/p>\n<p style=\"color: #b51a00;\"><span style=\"color: #000000;\"><b>Vertragliche Beschr\u00e4nkung auf Daten :  <\/b><\/span><\/p>\n<p>Die Informationen auf dieser Website sind so genau wie m\u00f6glich und die Website wird zu verschiedenen Zeiten des Jahres aktualisiert, kann aber dennoch Ungenauigkeiten oder Auslassungen enthalten. Wenn Sie eine L\u00fccke, einen Fehler oder eine scheinbare Fehlfunktion feststellen, melden Sie dies bitte per E-Mail an contact@atiyachts.com und beschreiben Sie das Problem so genau wie m\u00f6glich (Seite, auf der das Problem auftritt, Art des verwendeten Computers und Browsers, &#8230;).<\/p>\n<p>Alle heruntergeladenen Inhalte erfolgen auf Risiko des Nutzers und unter seiner alleinigen Verantwortung. Folglich kann der Autor nicht f\u00fcr Sch\u00e4den am Computer des Nutzers oder f\u00fcr Datenverluste infolge des Downloads haftbar gemacht werden.  <span style=\"color: #323333;\">Dar\u00fcber hinaus verpflichtet sich der Nutzer der Website, auf die Website mit einer aktuellen Hardware zuzugreifen, die keine Viren enth\u00e4lt und mit einem Browser der neuesten Generation, der auf dem neuesten Stand ist.<\/span><\/p>\n<p>Weable haftet nicht f\u00fcr Hyperlinks, die im Rahmen dieser Website zu anderen Ressourcen im Internet eingerichtet wurden.<\/p>\n<p style=\"color: #b51a00;\"><span style=\"color: #000000;\"><b>Geistiges Eigentum :<\/b><\/span><\/p>\n<p>Alle Inhalte des auf der Seite  <a href=\"http:\/\/https:\/\/www.atiyachts.com\/\">https:\/\/www.atiyachts.com\/<\/a>Die gesamte Website, einschlie\u00dflich, aber nicht beschr\u00e4nkt auf, Grafiken, Bilder, Texte, Videos, Animationen, Sounds, Logos, Gifs und Icons sowie ihre Formatierung sind das ausschlie\u00dfliche Eigentum des Unternehmens, mit Ausnahme von Marken, Logos oder Inhalten, die anderen Partnerunternehmen oder Autoren geh\u00f6ren.<\/p>\n<p>Jede auch nur teilweise Vervielf\u00e4ltigung, Verbreitung, \u00c4nderung, Anpassung, Weiterleitung oder Ver\u00f6ffentlichung dieser verschiedenen Elemente ist ohne die ausdr\u00fcckliche schriftliche Genehmigung von Weable strengstens untersagt. Diese Darstellung oder Vervielf\u00e4ltigung, durch welches Verfahren auch immer, stellt eine F\u00e4lschung dar, die nach den Artikeln L.335-2 ff. des Gesetzes \u00fcber geistiges Eigentum bestraft wird. Die Nichtbeachtung dieses Verbots stellt eine F\u00e4lschung dar, f\u00fcr die der F\u00e4lscher zivil- und strafrechtlich haftbar gemacht werden kann. Dar\u00fcber hinaus k\u00f6nnten die Eigent\u00fcmer der kopierten Inhalte rechtliche Schritte gegen Sie einleiten.<\/p>\n<p style=\"color: #b51a00;\"><span style=\"color: #000000;\"><b>Anmeldung bei der CNIL :  <\/b><\/span><\/p>\n<p>Gem\u00e4\u00df dem Gesetz 78-17 vom 6. Januar 1978 (ge\u00e4ndert durch das Gesetz 2004-801 vom 6. August 2004 \u00fcber den Schutz nat\u00fcrlicher Personen bei der Verarbeitung personenbezogener Daten) \u00fcber Informatik, Dateien und Freiheiten wurde diese Website nicht bei der franz\u00f6sischen Datenschutzbeh\u00f6rde Commission nationale de l&#8217;informatique et des libert\u00e9s (<a href=\"http:\/\/www.cnil.fr\/\">www.cnil.fr)<\/a>.<\/p>\n<p style=\"color: #b51a00;\"><span style=\"color: #000000;\"><b>Rechtsstreitigkeiten :  <\/b><\/span><\/p>\n<p>Die vorliegenden Bedingungen der Website <a href=\"http:\/\/https:\/\/www.atiyachts.com\/\">https:\/\/www.atiyachts.com\/<\/a> unterliegen den franz\u00f6sischen Gesetzen. F\u00fcr alle Streitigkeiten, die sich aus der Auslegung oder Ausf\u00fchrung dieser Bedingungen ergeben k\u00f6nnten, sind ausschlie\u00dflich die Gerichte zust\u00e4ndig, in deren Zust\u00e4ndigkeitsbereich der Firmensitz des Unternehmens liegt. Die Referenzsprache f\u00fcr die Beilegung etwaiger Streitigkeiten ist Franz\u00f6sisch.<\/p>\n<p style=\"color: #b51a00;\"><span style=\"color: #000000;\"><b>Pers\u00f6nliche Daten :<\/b><\/span><\/p>\n<p>Im Allgemeinen sind Sie nicht verpflichtet, uns Ihre pers\u00f6nlichen Daten mitzuteilen, wenn Sie unsere Website <a href=\"http:\/\/https:\/\/www.atiyachts.com\/\">https:\/\/www.atiyachts.com\/<\/a> besuchen.<\/p>\n<p>Zu diesem Grundsatz gibt es jedoch einige Ausnahmen. Denn f\u00fcr bestimmte Dienstleistungen, die auf unserer Website angeboten werden, m\u00fcssen Sie uns m\u00f6glicherweise bestimmte Daten mitteilen, wie z. B.: Ihren Namen, Ihre Funktion, den Namen Ihres Unternehmens, Ihre E-Mail-Adresse und Ihre Telefonnummer. Dies ist der Fall, wenn Sie das Formular ausf\u00fcllen, das Ihnen online unter der Rubrik &#8220;Kontakt&#8221; angeboten wird. In jedem Fall k\u00f6nnen Sie die Bereitstellung Ihrer pers\u00f6nlichen Daten verweigern. In diesem Fall k\u00f6nnen Sie die Dienste der Website nicht nutzen, insbesondere den Service, Informationen \u00fcber unser Unternehmen anzufordern oder Newsletter zu erhalten.<\/p>\n<p>Schlie\u00dflich k\u00f6nnen wir automatisch bestimmte Informationen \u00fcber Sie sammeln, wenn Sie einfach auf unserer Website surfen, insbesondere: Informationen \u00fcber die Nutzung unserer Website, z. B. die Bereiche, die Sie besuchen, und die Dienste, auf die Sie zugreifen, Ihre IP-Adresse, den Typ Ihres Browsers, Ihre Zugriffszeiten. Solche Informationen werden ausschlie\u00dflich f\u00fcr interne statistische Zwecke verwendet, um die Qualit\u00e4t der Ihnen angebotenen Dienstleistungen zu verbessern. Die Datenbanken sind durch die Bestimmungen des Gesetzes vom 1. Juli 1998 zur Umsetzung der Richtlinie 96\/9 vom 11. M\u00e4rz 1996 \u00fcber den rechtlichen Schutz von Datenbanken gesch\u00fctzt.<\/p>\n<p>[\/et_pb_text][\/et_pb_column][\/et_pb_row][\/et_pb_section]<\/p>\n","protected":false},"excerpt":{"rendered":"<p>Bitte lesen Sie die verschiedenen Nutzungsbedingungen dieser Website aufmerksam durch, bevor Sie sich auf den Seiten umsehen. Durch den Besuch dieser Website erkl\u00e4ren Sie sich vorbehaltlos mit diesen Bedingungen einverstanden. Gem\u00e4\u00df Artikel 6 des Gesetzes Nr. 2004-575 vom 21. Juni 2004 \u00fcber das Vertrauen in die digitale Wirtschaft sind die Verantwortlichen f\u00fcr diese Website https:\/\/www.atiyachts.com\/: [&hellip;]<\/p>\n","protected":false},"author":1,"featured_media":0,"parent":0,"menu_order":0,"comment_status":"closed","ping_status":"closed","template":"","meta":{"_acf_changed":false,"_seopress_robots_primary_cat":"","_seopress_titles_title":"","_seopress_titles_desc":"","_seopress_robots_index":"","_et_pb_use_builder":"on","_et_pb_old_content":"","_et_gb_content_width":"","footnotes":""},"class_list":["post-111033","page","type-page","status-publish","hentry"],"acf":[],"_links":{"self":[{"href":"https:\/\/atiyachts.com\/de\/wp-json\/wp\/v2\/pages\/111033","targetHints":{"allow":["GET"]}}],"collection":[{"href":"https:\/\/atiyachts.com\/de\/wp-json\/wp\/v2\/pages"}],"about":[{"href":"https:\/\/atiyachts.com\/de\/wp-json\/wp\/v2\/types\/page"}],"author":[{"embeddable":true,"href":"https:\/\/atiyachts.com\/de\/wp-json\/wp\/v2\/users\/1"}],"replies":[{"embeddable":true,"href":"https:\/\/atiyachts.com\/de\/wp-json\/wp\/v2\/comments?post=111033"}],"version-history":[{"count":1,"href":"https:\/\/atiyachts.com\/de\/wp-json\/wp\/v2\/pages\/111033\/revisions"}],"predecessor-version":[{"id":111046,"href":"https:\/\/atiyachts.com\/de\/wp-json\/wp\/v2\/pages\/111033\/revisions\/111046"}],"wp:attachment":[{"href":"https:\/\/atiyachts.com\/de\/wp-json\/wp\/v2\/media?parent=111033"}],"curies":[{"name":"wp","href":"https:\/\/api.w.org\/{rel}","templated":true}]}}