{"id":87371,"date":"2023-08-18T22:09:15","date_gmt":"2023-08-18T20:09:15","guid":{"rendered":"https:\/\/atiyachts.com\/informacion-juridica\/"},"modified":"2023-08-18T22:09:27","modified_gmt":"2023-08-18T20:09:27","slug":"informacion-juridica","status":"publish","type":"page","link":"https:\/\/atiyachts.com\/es\/informacion-juridica\/","title":{"rendered":"Informaci\u00f3n jur\u00eddica"},"content":{"rendered":"<p>[et_pb_section fb_built=&#8221;1&#8243; _builder_version=&#8221;4.14.5&#8243; background_color=&#8221;#383838&#8243; background_image=&#8221;https:\/\/atiyachts.com\/wp-content\/uploads\/2022\/02\/banner-ati.png&#8221; custom_padding=&#8221;100px||100px||true|false&#8221; saved_tabs=&#8221;all&#8221; global_colors_info=&#8221;{}&#8221;][et_pb_row _builder_version=&#8221;3.25&#8243; global_colors_info=&#8221;{}&#8221;][et_pb_column type=&#8221;4_4&#8243; _builder_version=&#8221;3.25&#8243; custom_padding=&#8221;|||&#8221; global_colors_info=&#8221;{}&#8221; custom_padding__hover=&#8221;|||&#8221;][et_pb_post_title meta=&#8221;off&#8221; featured_image=&#8221;off&#8221; _builder_version=&#8221;3.22.4&#8243; title_font=&#8221;Poppins|700||on|||||&#8221; title_text_align=&#8221;left&#8221; title_text_color=&#8221;#ffffff&#8221; title_font_size=&#8221;30px&#8221; title_font_size_tablet=&#8221;&#8221; title_font_size_phone=&#8221;20px&#8221; title_font_size_last_edited=&#8221;on|desktop&#8221; global_colors_info=&#8221;{}&#8221;][\/et_pb_post_title][\/et_pb_column][\/et_pb_row][\/et_pb_section][et_pb_section fb_built=&#8221;1&#8243; _builder_version=&#8221;4.14.8&#8243; background_color_gradient_start=&#8221;#ffffff&#8221; background_color_gradient_end=&#8221;#6c006f&#8221; background_color_gradient_direction=&#8221;90deg&#8221; custom_padding=&#8221;80px|0px|80px|0px|true|false&#8221; hover_enabled=&#8221;0&#8243; global_colors_info=&#8221;{}&#8221; sticky_enabled=&#8221;0&#8243;][et_pb_row padding_top_bottom_link_2=&#8221;true&#8221; padding_left_right_link_2=&#8221;true&#8221; _builder_version=&#8221;4.14.5&#8243; global_colors_info=&#8221;{}&#8221;][et_pb_column type=&#8221;4_4&#8243; _builder_version=&#8221;4.14.5&#8243; background_enable_color=&#8221;off&#8221; custom_padding=&#8221;|30px|||false|false&#8221; custom_padding_tablet=&#8221;50px|50px|50px|50px|true|true&#8221; custom_padding_phone=&#8221;50px|30px|50px|30px|true|true&#8221; custom_padding_last_edited=&#8221;on|tablet&#8221; global_colors_info=&#8221;{}&#8221; custom_padding__hover=&#8221;|||&#8221;][et_pb_text _builder_version=&#8221;4.14.8&#8243; text_font=&#8221;Roboto|300|||||||&#8221; text_font_size=&#8221;15px&#8221; header_font=&#8221;Roboto Condensed|300|||||||&#8221; header_text_align=&#8221;justify&#8221; header_text_color=&#8221;#000000&#8243; header_font_size=&#8221;16px&#8221; header_line_height=&#8221;1.8em&#8221; text_orientation=&#8221;justified&#8221; custom_margin=&#8221;-22px||&#8221; hover_enabled=&#8221;0&#8243; locked=&#8221;off&#8221; global_colors_info=&#8221;{}&#8221; sticky_enabled=&#8221;0&#8243;]<\/p>\n<p>Lea atentamente las distintas condiciones de uso de este sitio antes de navegar por sus p\u00e1ginas. Al visitar este sitio, usted acepta estas condiciones sin reservas. De conformidad con el art\u00edculo 6 de la Ley n\u00ba 2004-575 de 21 de junio de 2004 sobre la confianza en la econom\u00eda digital, los responsables de este sitio web <a href=\"http:\/\/https:\/\/www.atiyachts.com\/\">https:\/\/www.atiyachts.com\/<\/a> son :<\/p>\n<p style=\"color: #b51a00;\"><span style=\"color: #000000;\"><b>Editor del sitio :  <\/b><\/span><\/p>\n<p>A.T.I<br \/>N\u00famero SIRET: 49868830800036<br \/>Director editorial: A.T.I<br \/>92 BD DU PR\u00c9SIDENT WILSON 06160 ANTIBES<br \/>Tel\u00e9fono:+33 6 69 98 20 76  <br \/>Correo electr\u00f3nico : contact@atiyachts.com<br \/>P\u00e1gina web: https: <a href=\"http:\/\/https:\/\/www.atiyachts.com\/\">\/\/www.atiyachts.com\/<\/a><\/p>\n<p style=\"color: #b51a00;\"><b><span style=\"color: #000000;\">Alojamiento :<\/span> <\/b><\/p>\n<p>Anfitri\u00f3n : Infomaniak<br \/>Network SA, 25, rue Eug\u00e8ne-Marziano, 1227 Ginebra, Suiza.<br \/>P\u00e1gina web: https: <a href=\"http:\/\/https:\/\/www.infomaniak.com\/\">\/\/www.infomaniak.com\/<\/a><\/p>\n<p style=\"color: #b51a00;\"><span style=\"color: #000000;\"><b>Desarrollo<\/b><b> : <\/b> <\/span><\/p>\n<p>Weable<br \/>Direcci\u00f3n: 43 Chemin de l&#8217;Olivet<br \/>P\u00e1gina web: https: <a href=\"http:\/\/https:\/\/weable.fr\/\">\/\/weable.fr\/<\/a><\/p>\n<p style=\"color: #b51a00;\"><span style=\"color: #000000;\"><b>Condiciones de uso :  <\/b><\/span><\/p>\n<p>Este sitio<a href=\"http:\/\/https:\/\/www.atiyachts.com\/\">(https:\/\/www.atiyachts.com\/<\/a>) se ofrece en varios lenguajes web (HTML, HTML5, Javascript, CSS, etc.) para una mayor facilidad de uso y unos gr\u00e1ficos m\u00e1s agradables, le recomendamos que utilice navegadores modernos como Internet Explorer, Safari, Firefox, Google Chrome, etc.<br \/>Los avisos legales se generaron en el sitio <a title=\"generador gratuito de avisos legales para sitios web\" href=\"http:\/\/www.generateur-de-mentions-legales.com\">Generador de Avisos Legales<\/a>, ofrecido por <a title=\"imprenta paris, imprenta paris\" href=\"http:\/\/welye.com\">Welye<\/a>.<\/p>\n<p><span style=\"color: #323333;\">Weable<b> <\/b><\/span>hace todo lo posible por proporcionar informaci\u00f3n fiable y actualizar sus sitios web de forma fiable. No obstante, pueden producirse errores u omisiones. Por ello, los internautas deben velar por la exactitud de la informaci\u00f3n facilitada y notificar cualquier modificaci\u00f3n que consideren \u00fatil. no se hace responsable en modo alguno del uso que se haga de esta informaci\u00f3n, ni de los da\u00f1os directos o indirectos que puedan derivarse.<\/p>\n<p><b>Cookies<\/b>: El sitio web <a href=\"http:\/\/https:\/\/www.atiyachts.com\/\">https:\/\/www.atiyachts.com\/<\/a> puede pedirle que acepte cookies con fines estad\u00edsticos y de visualizaci\u00f3n. Una cookie es un fragmento de informaci\u00f3n que el servidor del sitio que visita almacena en su disco duro. Contiene una serie de datos que se almacenan en su ordenador en un simple archivo de texto al que accede un servidor para leer y registrar informaci\u00f3n. Algunas partes de este sitio no pueden utilizarse sin aceptar cookies.<\/p>\n<p><b>Enlaces de hipertexto :<\/b> Los sitios web pueden proporcionar enlaces a otros sitios web o a otros recursos disponibles en Internet. Weable no tiene medios para controlar los sitios vinculados a sus sitios web y no es responsable de la disponibilidad de dichos sitios y fuentes externas, ni los garantiza. No se hace responsable de ning\u00fan da\u00f1o derivado del contenido de estos sitios o fuentes externas, en particular de la informaci\u00f3n, productos o servicios que ofrecen, ni del uso que pueda hacerse de estos elementos. Los riesgos asociados a esta utilizaci\u00f3n corren \u00edntegramente a cargo del internauta, que debe respetar sus condiciones de uso.<\/p>\n<p>Los usuarios, suscriptores y visitantes de los sitios web de Weable no podr\u00e1n establecer un hiperv\u00ednculo a este sitio sin la autorizaci\u00f3n previa y expresa de Weable.<\/p>\n<p>En caso de que un usuario o visitante desee establecer un hiperv\u00ednculo a uno de los sitios web de Weable, deber\u00e1 enviar un correo electr\u00f3nico al sitio para solicitar que se establezca un hiperv\u00ednculo. Weable se reserva el derecho de aceptar o rechazar un hiperv\u00ednculo sin tener que justificar su decisi\u00f3n.<\/p>\n<p style=\"color: #b51a00;\"><span style=\"color: #000000;\"><b>Servicios prestados :  <\/b><\/span><\/p>\n<p style=\"color: #323333;\">Todas las actividades e informaci\u00f3n de la empresa pueden consultarse en nuestro sitio web <a href=\"http:\/\/https:\/\/www.atiyachts.com\/\">https:\/\/www.atiyachts.com\/.<\/a><\/p>\n<p style=\"color: #323333;\">Weable se esfuerza por ofrecer en el sitio web https:\/\/www.atiyachts.com\/ informaci\u00f3n lo m\u00e1s exacta posible. La informaci\u00f3n del sitio web <a href=\"http:\/\/https:\/\/www.atiyachts.com\/\">https:\/\/www.atiyachts.com\/<\/a> no es exhaustiva y las fotos no son contractuales. Se facilitan sin perjuicio de las modificaciones que puedan haberse introducido desde su puesta en l\u00ednea. Adem\u00e1s, toda la informaci\u00f3n del sitio web https:\/\/www.atiyachts.com\/ es estrictamente confidencial.<span style=\"color: #000000;\"><b> <\/b><\/span>se facilitan a t\u00edtulo meramente informativo y est\u00e1n sujetas a cambios o modificaciones sin previo aviso.<\/p>\n<p style=\"color: #b51a00;\"><span style=\"color: #000000;\"><b>Limitaci\u00f3n contractual de los datos :  <\/b><\/span><\/p>\n<p>La informaci\u00f3n contenida en este sitio es lo m\u00e1s exacta posible y se actualiza en distintos momentos del a\u00f1o, pero puede contener imprecisiones u omisiones. Si observa una laguna, un error o lo que parece ser un mal funcionamiento, notif\u00edquelo por correo electr\u00f3nico a contact@atiyachts.com, describiendo el problema con la mayor precisi\u00f3n posible (p\u00e1gina que causa el problema, tipo de ordenador y navegador utilizados, etc.).<\/p>\n<p>Cualquier contenido descargado se hace por cuenta y riesgo del usuario y bajo su exclusiva responsabilidad. En consecuencia, la empresa no se hace responsable de los da\u00f1os que pueda sufrir el ordenador del usuario ni de las p\u00e9rdidas de datos que puedan derivarse de la descarga.  <span style=\"color: #323333;\">Adem\u00e1s, los usuarios del sitio se comprometen a acceder a \u00e9l utilizando equipos recientes, libres de virus y con el \u00faltimo navegador actualizado.<\/span><\/p>\n<p>Weable no se hace responsable de los enlaces de hipertexto de este sitio web a otros recursos de Internet.<\/p>\n<p style=\"color: #b51a00;\"><span style=\"color: #000000;\"><b>Propiedad intelectual :<\/b><\/span><\/p>\n<p>Todos los contenidos del sitio  <a href=\"http:\/\/https:\/\/www.atiyachts.com\/\">https:\/\/www.atiyachts.com\/<\/a>Todos los contenidos de este sitio, incluidos, entre otros, gr\u00e1ficos, im\u00e1genes, textos, v\u00eddeos, animaciones, sonidos, logotipos, gifs e iconos, as\u00ed como su disposici\u00f3n, son propiedad exclusiva de la empresa, a excepci\u00f3n de las marcas, logotipos o contenidos pertenecientes a otras empresas o autores asociados.<\/p>\n<p>Cualquier reproducci\u00f3n, distribuci\u00f3n, modificaci\u00f3n, adaptaci\u00f3n, retransmisi\u00f3n o publicaci\u00f3n, incluso parcial, de estos diversos elementos est\u00e1 estrictamente prohibida sin el consentimiento expreso por escrito de Weable. Esta representaci\u00f3n o reproducci\u00f3n, por cualquier medio, constituye una infracci\u00f3n sancionada por los art\u00edculos L.335-2 y siguientes del C\u00f3digo franc\u00e9s de la Propiedad Intelectual. El incumplimiento de esta prohibici\u00f3n constituye una infracci\u00f3n de la que el infractor podr\u00e1 ser considerado responsable civil y penalmente. Adem\u00e1s, los propietarios del Contenido copiado pueden emprender acciones legales contra usted.<\/p>\n<p style=\"color: #b51a00;\"><span style=\"color: #000000;\"><b>Declaraci\u00f3n a la CNIL :  <\/b><\/span><\/p>\n<p>De conformidad con la Ley 78-17 de 6 de enero de 1978 (modificada por la Ley 2004-801 de 6 de agosto de 2004 relativa a la protecci\u00f3n de las personas f\u00edsicas en lo que respecta al tratamiento de datos personales) sobre la inform\u00e1tica, los ficheros y las libertades, este sitio web no ha sido declarado a la Commission nationale de l&#8217;informatique et des libert\u00e9s (<a href=\"http:\/\/www.cnil.fr\/\">www.cnil.fr)<\/a>.<\/p>\n<p style=\"color: #b51a00;\"><span style=\"color: #000000;\"><b>Litigios :  <\/b><\/span><\/p>\n<p>Las presentes condiciones generales del sitio web <a href=\"http:\/\/https:\/\/www.atiyachts.com\/\">https:\/\/www.atiyachts.com\/<\/a> se rigen por la legislaci\u00f3n francesa y cualquier litigio o controversia que pueda derivarse de la interpretaci\u00f3n o ejecuci\u00f3n de las mismas se someter\u00e1 a la jurisdicci\u00f3n exclusiva de los tribunales competentes del domicilio social de la empresa. La lengua de referencia para la resoluci\u00f3n de posibles litigios es el franc\u00e9s.<\/p>\n<p style=\"color: #b51a00;\"><span style=\"color: #000000;\"><b>Datos personales:<\/b><\/span><\/p>\n<p>En general, no es necesario que nos facilite ning\u00fan dato personal cuando visite nuestro sitio web <a href=\"http:\/\/https:\/\/www.atiyachts.com\/\">https:\/\/www.atiyachts.com\/.<\/a><\/p>\n<p>No obstante, existen algunas excepciones a este principio. Para determinados servicios ofrecidos en nuestro sitio, es posible que se le pida que nos proporcione cierta informaci\u00f3n, como su nombre, cargo, nombre de la empresa, direcci\u00f3n de correo electr\u00f3nico y n\u00famero de tel\u00e9fono. Este es el caso cuando rellena el formulario en l\u00ednea en la secci\u00f3n &#8220;contacto&#8221;. En todos los casos, puede negarse a facilitar sus datos personales. En este caso, no podr\u00e1 utilizar los servicios del sitio, en particular solicitar informaci\u00f3n sobre nuestra empresa o recibir nuestros boletines informativos.<\/p>\n<p>Por \u00faltimo, podemos recopilar autom\u00e1ticamente cierta informaci\u00f3n sobre usted cuando simplemente navega por nuestro sitio web, en particular: informaci\u00f3n sobre el uso de nuestro sitio, como las \u00e1reas que visita y los servicios a los que accede, su direcci\u00f3n IP, el tipo de navegador que utiliza y sus horas de acceso. Dicha informaci\u00f3n se utiliza exclusivamente con fines estad\u00edsticos internos, con el fin de mejorar la calidad de los servicios que se le ofrecen. Las bases de datos est\u00e1n protegidas por las disposiciones de la Ley de 1 de julio de 1998 que transpone la Directiva 96\/9 de 11 de marzo de 1996 sobre la protecci\u00f3n jur\u00eddica de las bases de datos.<\/p>\n<p>[\/et_pb_text][\/et_pb_column][\/et_pb_row][\/et_pb_section]<\/p>\n","protected":false},"excerpt":{"rendered":"<p>Lea atentamente las distintas condiciones de uso de este sitio antes de navegar por sus p\u00e1ginas. Al visitar este sitio, usted acepta estas condiciones sin reservas. De conformidad con el art\u00edculo 6 de la Ley n\u00ba 2004-575 de 21 de junio de 2004 sobre la confianza en la econom\u00eda digital, los responsables de este sitio [&hellip;]<\/p>\n","protected":false},"author":1,"featured_media":0,"parent":0,"menu_order":0,"comment_status":"closed","ping_status":"closed","template":"","meta":{"_acf_changed":false,"_seopress_robots_primary_cat":"","_seopress_titles_title":"","_seopress_titles_desc":"","_seopress_robots_index":"","_et_pb_use_builder":"on","_et_pb_old_content":"","_et_gb_content_width":"","footnotes":""},"class_list":["post-87371","page","type-page","status-publish","hentry"],"acf":[],"_links":{"self":[{"href":"https:\/\/atiyachts.com\/es\/wp-json\/wp\/v2\/pages\/87371","targetHints":{"allow":["GET"]}}],"collection":[{"href":"https:\/\/atiyachts.com\/es\/wp-json\/wp\/v2\/pages"}],"about":[{"href":"https:\/\/atiyachts.com\/es\/wp-json\/wp\/v2\/types\/page"}],"author":[{"embeddable":true,"href":"https:\/\/atiyachts.com\/es\/wp-json\/wp\/v2\/users\/1"}],"replies":[{"embeddable":true,"href":"https:\/\/atiyachts.com\/es\/wp-json\/wp\/v2\/comments?post=87371"}],"version-history":[{"count":2,"href":"https:\/\/atiyachts.com\/es\/wp-json\/wp\/v2\/pages\/87371\/revisions"}],"predecessor-version":[{"id":87417,"href":"https:\/\/atiyachts.com\/es\/wp-json\/wp\/v2\/pages\/87371\/revisions\/87417"}],"wp:attachment":[{"href":"https:\/\/atiyachts.com\/es\/wp-json\/wp\/v2\/media?parent=87371"}],"curies":[{"name":"wp","href":"https:\/\/api.w.org\/{rel}","templated":true}]}}