{"id":111053,"date":"2023-10-19T19:12:50","date_gmt":"2023-10-19T17:12:50","guid":{"rendered":"https:\/\/atiyachts.com\/informazioni-legali\/"},"modified":"2023-10-19T19:13:00","modified_gmt":"2023-10-19T17:13:00","slug":"informazioni-legali","status":"publish","type":"page","link":"https:\/\/atiyachts.com\/it\/informazioni-legali\/","title":{"rendered":"Informazioni legali"},"content":{"rendered":"<p>[et_pb_section fb_built=&#8221;1&#8243; _builder_version=&#8221;4.14.5&#8243; background_color=&#8221;#383838&#8243; background_image=&#8221;http:\/\/atiyachts.com\/wp-content\/uploads\/2022\/02\/banner-ati.png&#8221; custom_padding=&#8221;100px||100px||true|false&#8221; saved_tabs=&#8221;all&#8221; global_colors_info=&#8221;{}&#8221;][et_pb_row _builder_version=&#8221;3.25&#8243; global_colors_info=&#8221;{}&#8221;][et_pb_column type=&#8221;4_4&#8243; _builder_version=&#8221;3.25&#8243; custom_padding=&#8221;|||&#8221; global_colors_info=&#8221;{}&#8221; custom_padding__hover=&#8221;|||&#8221;][et_pb_post_title meta=&#8221;off&#8221; featured_image=&#8221;off&#8221; _builder_version=&#8221;3.22.4&#8243; title_font=&#8221;Poppins|700||on|||||&#8221; title_text_align=&#8221;left&#8221; title_text_color=&#8221;#ffffff&#8221; title_font_size=&#8221;30px&#8221; title_font_size_tablet=&#8221;&#8221; title_font_size_phone=&#8221;20px&#8221; title_font_size_last_edited=&#8221;on|desktop&#8221; global_colors_info=&#8221;{}&#8221;][\/et_pb_post_title][\/et_pb_column][\/et_pb_row][\/et_pb_section][et_pb_section fb_built=&#8221;1&#8243; _builder_version=&#8221;4.14.8&#8243; background_color_gradient_start=&#8221;#ffffff&#8221; background_color_gradient_end=&#8221;#6c006f&#8221; background_color_gradient_direction=&#8221;90deg&#8221; custom_padding=&#8221;80px|0px|80px|0px|true|false&#8221; hover_enabled=&#8221;0&#8243; global_colors_info=&#8221;{}&#8221; sticky_enabled=&#8221;0&#8243;][et_pb_row padding_top_bottom_link_2=&#8221;true&#8221; padding_left_right_link_2=&#8221;true&#8221; _builder_version=&#8221;4.14.5&#8243; global_colors_info=&#8221;{}&#8221;][et_pb_column type=&#8221;4_4&#8243; _builder_version=&#8221;4.14.5&#8243; background_enable_color=&#8221;off&#8221; custom_padding=&#8221;|30px|||false|false&#8221; custom_padding_tablet=&#8221;50px|50px|50px|50px|true|true&#8221; custom_padding_phone=&#8221;50px|30px|50px|30px|true|true&#8221; custom_padding_last_edited=&#8221;on|tablet&#8221; global_colors_info=&#8221;{}&#8221; custom_padding__hover=&#8221;|||&#8221;][et_pb_text _builder_version=&#8221;4.14.8&#8243; text_font=&#8221;Roboto|300|||||||&#8221; text_font_size=&#8221;15px&#8221; header_font=&#8221;Roboto Condensed|300|||||||&#8221; header_text_align=&#8221;justify&#8221; header_text_color=&#8221;#000000&#8243; header_font_size=&#8221;16px&#8221; header_line_height=&#8221;1.8em&#8221; text_orientation=&#8221;justified&#8221; custom_margin=&#8221;-22px||&#8221; hover_enabled=&#8221;0&#8243; locked=&#8221;off&#8221; global_colors_info=&#8221;{}&#8221; sticky_enabled=&#8221;0&#8243;]<\/p>\n<p>Si prega di leggere attentamente i vari termini e condizioni d&#8217;uso di questo sito prima di navigare nelle sue pagine. Visitando questo sito, accettate senza riserve questi termini e condizioni. Ai sensi dell&#8217;articolo 6 della legge n. 2004-575 del 21 giugno 2004 sulla fiducia nell&#8217;economia digitale, i responsabili di questo sito <a href=\"http:\/\/https:\/\/www.atiyachts.com\/\">https:\/\/www.atiyachts.com\/<\/a> sono :<\/p>\n<p style=\"color: #b51a00;\"><span style=\"color: #000000;\"><b>Editore del sito :  <\/b><\/span><\/p>\n<p>A.T.I<br \/>Numero SIRET: 49868830800036<br \/>Responsabile editoriale: A.T.I<br \/>92 BD DU PR\u00c9SIDENT WILSON 06160 ANTIBES<br \/>Telefono: +33 6 69 98 20 76  <br \/>Email : contact@atiyachts.com<br \/>Sito web: https: <a href=\"http:\/\/https:\/\/www.atiyachts.com\/\">\/\/www.atiyachts.com\/<\/a><\/p>\n<p style=\"color: #b51a00;\"><b><span style=\"color: #000000;\">Sistemazione :<\/span> <\/b><\/p>\n<p>Ospite : Infomaniak<br \/>Network SA, 25, rue Eug\u00e8ne-Marziano, 1227 Ginevra, Svizzera.<br \/>Sito web: https: <a href=\"http:\/\/https:\/\/www.infomaniak.com\/\">\/\/www.infomaniak.com\/<\/a><\/p>\n<p style=\"color: #b51a00;\"><span style=\"color: #000000;\"><b>Sviluppo<\/b><b> : <\/b> <\/span><\/p>\n<p>Weable<br \/>Indirizzo: 43 Chemin de l&#8217;Olivet<br \/>Sito web: https: <a href=\"http:\/\/https:\/\/weable.fr\/\">\/\/weable.fr\/<\/a><\/p>\n<p style=\"color: #b51a00;\"><span style=\"color: #000000;\"><b>Termini e condizioni d&#8217;uso :  <\/b><\/span><\/p>\n<p>Questo sito<a href=\"http:\/\/https:\/\/www.atiyachts.com\/\">(https:\/\/www.atiyachts.com\/)<\/a> \u00e8 proposto in vari linguaggi web (HTML, HTML5, Javascript, CSS, ecc.) per una maggiore facilit\u00e0 d&#8217;uso e una grafica pi\u00f9 gradevole, si consiglia di utilizzare browser moderni come Internet Explorer, Safari, Firefox, Google Chrome, ecc&#8230;<br \/>Gli avvisi legali sono stati generati sul sito <a title=\"generatore gratuito di note legali per siti web\" href=\"http:\/\/www.generateur-de-mentions-legales.com\">Legal Notice Generator<\/a>, offerto da <a title=\"stampa parigi, stampante parigi\" href=\"http:\/\/welye.com\">Welye<\/a>.<\/p>\n<p><span style=\"color: #323333;\">Weable<b> <\/b><\/span>si impegna al massimo per fornire informazioni affidabili e per aggiornare i propri siti web in modo affidabile. Tuttavia, possono verificarsi errori e omissioni. Gli utenti di Internet devono quindi assicurarsi che le informazioni fornite siano accurate e comunicare qualsiasi modifica al sito che ritengano utile. non \u00e8 in alcun modo responsabile dell&#8217;uso che viene fatto di queste informazioni, n\u00e9 dei danni diretti o indiretti che ne possono derivare.<\/p>\n<p><b>Cookie<\/b>: Il sito <a href=\"http:\/\/https:\/\/www.atiyachts.com\/\">https:\/\/www.atiyachts.com\/<\/a> pu\u00f2 chiedere all&#8217;utente di accettare i cookie per fini statistici e di visualizzazione. Un cookie \u00e8 un&#8217;informazione inserita nel disco rigido dal server del sito che si sta visitando. Contiene una serie di dati che vengono memorizzati sul computer in un semplice file di testo a cui un server accede per leggere e registrare le informazioni. Alcune parti di questo sito non possono essere utilizzate senza accettare i cookie.<\/p>\n<p><b>Collegamenti ipertestuali :<\/b> I siti web possono fornire collegamenti ad altri siti web o ad altre risorse disponibili su Internet. Weable non ha modo di controllare i siti collegati ai suoi siti web e non \u00e8 responsabile della disponibilit\u00e0 di tali siti e fonti esterne, n\u00e9 li garantisce. Non pu\u00f2 essere ritenuta responsabile di eventuali danni derivanti dal contenuto di questi siti o fonti esterne, in particolare dalle informazioni, dai prodotti o dai servizi che offrono, o dall&#8217;uso che pu\u00f2 essere fatto di questi elementi. I rischi associati a questo utilizzo sono completamente a carico dell&#8217;utente di Internet, che deve rispettare le condizioni di utilizzo.<\/p>\n<p>Gli utenti, gli abbonati e i visitatori dei siti web Weable non possono creare un collegamento ipertestuale a questo sito senza l&#8217;espressa autorizzazione di Weable.<\/p>\n<p>Nel caso in cui un utente o un visitatore desideri creare un collegamento ipertestuale a uno dei siti Web di Weable, deve inviare un&#8217;e-mail al sito per richiedere la creazione di un collegamento ipertestuale. Weable si riserva il diritto di accettare o rifiutare un collegamento ipertestuale senza dover giustificare la propria decisione.<\/p>\n<p style=\"color: #b51a00;\"><span style=\"color: #000000;\"><b>Servizi forniti :  <\/b><\/span><\/p>\n<p style=\"color: #323333;\">Tutte le attivit\u00e0 e le informazioni dell&#8217;azienda sono disponibili sul nostro sito web <a href=\"http:\/\/https:\/\/www.atiyachts.com\/\">https:\/\/www.atiyachts.com\/.<\/a><\/p>\n<p style=\"color: #323333;\">Weable si impegna a fornire sul sito web https:\/\/www.atiyachts.com\/ informazioni il pi\u00f9 possibile accurate. Le informazioni presenti sul sito <a href=\"http:\/\/https:\/\/www.atiyachts.com\/\">https:\/\/www.atiyachts.com\/<\/a> non sono esaustive e le foto non sono contrattuali. I dati vengono forniti con riserva di eventuali modifiche apportate dopo la loro messa online. Inoltre, tutte le informazioni contenute nel sito web https:\/\/www.atiyachts.com\/ sono strettamente confidenziali.<span style=\"color: #000000;\"><b> <\/b><\/span>sono forniti a titolo puramente informativo e sono soggetti a modifiche o sviluppi senza preavviso.<\/p>\n<p style=\"color: #b51a00;\"><span style=\"color: #000000;\"><b>Limitazione contrattuale dei dati :  <\/b><\/span><\/p>\n<p>Le informazioni contenute in questo sito sono il pi\u00f9 possibile accurate e il sito viene aggiornato in diversi periodi dell&#8217;anno, ma possono contenere imprecisioni o omissioni. Se si nota una lacuna, un errore o quello che sembra essere un malfunzionamento, si prega di segnalarlo via e-mail a contact@atiyachts.com, descrivendo il problema nel modo pi\u00f9 preciso possibile (pagina che causa il problema, tipo di computer e di browser utilizzato, ecc.)<\/p>\n<p>Qualsiasi contenuto scaricato \u00e8 fatto a rischio e pericolo dell&#8217;utente e sotto la sua esclusiva responsabilit\u00e0. Di conseguenza, la societ\u00e0 non pu\u00f2 essere ritenuta responsabile di eventuali danni al computer dell&#8217;utente o di eventuali perdite di dati derivanti dal download.  <span style=\"color: #323333;\">Inoltre, gli utenti del sito si impegnano ad accedervi utilizzando apparecchiature recenti, prive di virus e con il browser pi\u00f9 aggiornato.<\/span><\/p>\n<p>Weable non potr\u00e0 essere ritenuta responsabile per eventuali collegamenti ipertestuali presenti su questo sito web ad altre risorse su Internet.<\/p>\n<p style=\"color: #b51a00;\"><span style=\"color: #000000;\"><b>Propriet\u00e0 intellettuale :<\/b><\/span><\/p>\n<p>Tutti i contenuti del sito  <a href=\"http:\/\/https:\/\/www.atiyachts.com\/\">https:\/\/www.atiyachts.com\/<\/a>Tutti i contenuti di questo sito, compresi, ma non solo, grafici, immagini, testi, video, animazioni, suoni, loghi, gif e icone, nonch\u00e9 la loro disposizione, sono di propriet\u00e0 esclusiva dell&#8217;azienda, ad eccezione di marchi, loghi o contenuti appartenenti ad altre aziende partner o autori.<\/p>\n<p>Qualsiasi riproduzione, distribuzione, modifica, adattamento, ritrasmissione o pubblicazione, anche parziale, di questi vari elementi \u00e8 severamente vietata senza l&#8217;esplicito consenso scritto di Weable. Questa rappresentazione o riproduzione, con qualsiasi mezzo, costituisce una violazione punita dagli articoli L.335-2 e seguenti del Codice della Propriet\u00e0 Intellettuale francese. L&#8217;inosservanza di questo divieto costituisce una violazione per la quale il trasgressore pu\u00f2 essere ritenuto responsabile civilmente e penalmente. Inoltre, i proprietari dei Contenuti copiati possono intraprendere azioni legali contro l&#8217;utente.<\/p>\n<p style=\"color: #b51a00;\"><span style=\"color: #000000;\"><b>Dichiarazione alla CNIL :  <\/b><\/span><\/p>\n<p>Conformemente alla legge 78-17 del 6 gennaio 1978 (modificata dalla legge 2004-801 del 6 agosto 2004 sulla protezione delle persone in materia di trattamento dei dati personali) relativa al trattamento dei dati, agli archivi e alle libert\u00e0 individuali, questo sito web non \u00e8 stato dichiarato alla Commission nationale de l&#8217;informatique et des libert\u00e9s (<a href=\"http:\/\/www.cnil.fr\/\">www.cnil.fr)<\/a>.<\/p>\n<p style=\"color: #b51a00;\"><span style=\"color: #000000;\"><b>Controversie :  <\/b><\/span><\/p>\n<p>I presenti termini e condizioni del sito web <a href=\"http:\/\/https:\/\/www.atiyachts.com\/\">https:\/\/www.atiyachts.com\/<\/a> sono disciplinati dalla legge francese e qualsiasi controversia o contenzioso che possa derivare dall&#8217;interpretazione o dall&#8217;esecuzione dei presenti termini e condizioni sar\u00e0 soggetto alla giurisdizione esclusiva dei tribunali competenti per la sede legale della societ\u00e0. La lingua di riferimento per la risoluzione di eventuali controversie \u00e8 il francese.<\/p>\n<p style=\"color: #b51a00;\"><span style=\"color: #000000;\"><b>Dati personali:<\/b><\/span><\/p>\n<p>In generale, quando visitate il nostro sito web <a href=\"http:\/\/https:\/\/www.atiyachts.com\/\">https:\/\/www.atiyachts.com\/<\/a> non siete tenuti a fornirci alcun dato personale.<\/p>\n<p>Tuttavia, esistono alcune eccezioni a questo principio. Per alcuni servizi offerti sul nostro sito, \u00e8 possibile che vi venga chiesto di fornirci alcune informazioni come il vostro nome, il titolo di lavoro, il nome della societ\u00e0, l&#8217;indirizzo e-mail e il numero di telefono. Questo \u00e8 il caso della compilazione del modulo online nella sezione &#8220;contatti&#8221;. In ogni caso, l&#8217;utente pu\u00f2 rifiutare di fornire i propri dati personali. In questo caso, non sar\u00e0 possibile utilizzare i servizi del sito, in particolare richiedere informazioni sulla nostra azienda o ricevere le nostre newsletter.<\/p>\n<p>Infine, possiamo raccogliere automaticamente alcune informazioni su di voi quando navigate semplicemente sul nostro sito web, in particolare: informazioni sull&#8217;utilizzo del nostro sito, come le aree che visitate e i servizi a cui accedete, il vostro indirizzo IP, il tipo di browser che utilizzate e gli orari di accesso. Tali informazioni vengono utilizzate esclusivamente per scopi statistici interni, al fine di migliorare la qualit\u00e0 dei servizi offerti all&#8217;utente. Le banche dati sono protette dalle disposizioni della legge del 1\u00b0 luglio 1998 che recepisce la direttiva 96\/9 dell&#8217;11 marzo 1996 sulla tutela giuridica delle banche dati.<\/p>\n<p>[\/et_pb_text][\/et_pb_column][\/et_pb_row][\/et_pb_section]<\/p>\n","protected":false},"excerpt":{"rendered":"<p>Si prega di leggere attentamente i vari termini e condizioni d&#8217;uso di questo sito prima di navigare nelle sue pagine. Visitando questo sito, accettate senza riserve questi termini e condizioni. Ai sensi dell&#8217;articolo 6 della legge n. 2004-575 del 21 giugno 2004 sulla fiducia nell&#8217;economia digitale, i responsabili di questo sito https:\/\/www.atiyachts.com\/ sono : Editore [&hellip;]<\/p>\n","protected":false},"author":1,"featured_media":0,"parent":0,"menu_order":0,"comment_status":"closed","ping_status":"closed","template":"","meta":{"_acf_changed":false,"_seopress_robots_primary_cat":"","_seopress_titles_title":"","_seopress_titles_desc":"","_seopress_robots_index":"","_et_pb_use_builder":"on","_et_pb_old_content":"","_et_gb_content_width":"","footnotes":""},"class_list":["post-111053","page","type-page","status-publish","hentry"],"acf":[],"_links":{"self":[{"href":"https:\/\/atiyachts.com\/it\/wp-json\/wp\/v2\/pages\/111053","targetHints":{"allow":["GET"]}}],"collection":[{"href":"https:\/\/atiyachts.com\/it\/wp-json\/wp\/v2\/pages"}],"about":[{"href":"https:\/\/atiyachts.com\/it\/wp-json\/wp\/v2\/types\/page"}],"author":[{"embeddable":true,"href":"https:\/\/atiyachts.com\/it\/wp-json\/wp\/v2\/users\/1"}],"replies":[{"embeddable":true,"href":"https:\/\/atiyachts.com\/it\/wp-json\/wp\/v2\/comments?post=111053"}],"version-history":[{"count":1,"href":"https:\/\/atiyachts.com\/it\/wp-json\/wp\/v2\/pages\/111053\/revisions"}],"predecessor-version":[{"id":111058,"href":"https:\/\/atiyachts.com\/it\/wp-json\/wp\/v2\/pages\/111053\/revisions\/111058"}],"wp:attachment":[{"href":"https:\/\/atiyachts.com\/it\/wp-json\/wp\/v2\/media?parent=111053"}],"curies":[{"name":"wp","href":"https:\/\/api.w.org\/{rel}","templated":true}]}}